{"id":785,"date":"2025-09-24T20:55:56","date_gmt":"2025-09-24T18:55:56","guid":{"rendered":"https:\/\/ibh-nuernberg.de\/ueber-uns"},"modified":"2025-12-16T18:05:35","modified_gmt":"2025-12-16T17:05:35","slug":"ueber-uns","status":"publish","type":"page","link":"https:\/\/ibh-nuernberg.de\/de\/ueber-uns","title":{"rendered":"\u00dcber uns"},"content":{"rendered":"\n<h1>\n\t\t\t\u00dcber uns\t<\/h1>\n\t<p>IBH ist ein unabh\u00e4ngiges Bildungszentrum in N\u00fcrnberg, das akademische und pers\u00f6nliche Entwicklung in einem ganzheitlichen Ansatz vereint.<\/p>\n<p>Wir schaffen ein interkulturelles Umfeld, in dem Kinder nicht nur lernen, sondern sich auch als Pers\u00f6nlichkeiten entfalten. Im Mittelpunkt stehen Mehrsprachigkeit, ein individueller Lernansatz, eine breite Auswahl an kreativen und technischen Kursen sowie die aktive Zusammenarbeit mit Familien.<\/p>\n\t\t\t\t<img decoding=\"async\" src=\"https:\/\/ibh-nuernberg.de\/wp-content\/uploads\/ibh-ueber-uns-intro.webp\" alt=\"ibh-ueber-uns-intro\" itemprop=\"image\" height=\"543\" width=\"727\" title=\"ibh-ueber-uns-intro\" onerror=\"this.style.display='none'\" loading=\"lazy\" \/>\n\t\t\t\t<img decoding=\"async\" src=\"https:\/\/ibh-nuernberg.de\/wp-content\/uploads\/home-main-intro.webp\" alt=\"home-main-intro\" itemprop=\"image\" height=\"485\" width=\"788\" title=\"home-main-intro\" onerror=\"this.style.display='none'\" loading=\"lazy\" \/>\n<h3>\n\t\t\tPhilosophie und Werte\t<\/h3>\n\t<p>Unsere Arbeit basiert auf Respekt, Neugier, Verantwortungsbewusstsein und der F\u00f6rderung des Potenzials jedes Kindes. Die Lernenden sind aktive Teilnehmer*innen &#8211; keine passiven Zuh\u00f6rer. Bildung bedeutet f\u00fcr uns geistige, emotionale und soziale Entwicklung in einer warmen, unterst\u00fctzenden Atmosph\u00e4re.<\/p>\n<p>Unsere P\u00e4dagog*innen begleiten die Kinder mit Interesse, Empathie und Zuversicht. Wir sind ein Team, das seine Arbeit liebt &#8211; uns verbindet der Wunsch, jedes Kind zu verstehen, zu st\u00e4rken und ihm zu helfen, seinen Wert zu erkennen. F\u00fcr uns ist das mehr als ein Beruf &#8211; es ist eine bedeutungsvolle Aufgabe.<\/p>\n<h2>\n\t\t\tPartnerschaften und Zusammenarbeit\t<\/h2>\n\t<p>Wir kooperieren mit kulturellen, bildungsnahen und sportlichen Organisationen. Diese Partnerschaften erweitern unser Kursangebot und erm\u00f6glichen Kindern die Teilnahme an Projekten und Veranstaltungen. So wird Lernen praxisnah, lebendig und mit dem Leben in der Stadt verbunden.<\/p>\n<p>Wir sind stets offen f\u00fcr neue Ideen und freuen uns \u00fcber Initiativen, die Bildungshorizonte erweitern und Menschen miteinander verbinden.<\/p>\n\t\t\t<a href=\"https:\/\/ibh-nuernberg.de\/de\/kontakt\" target=\"_self\">\n\t\t\t\t\t\t\tKontakt\n\t\t\t<\/a>\n\t\t\t\t<img decoding=\"async\" src=\"https:\/\/ibh-nuernberg.de\/wp-content\/uploads\/ibh-ueber-uns-partnerschaft.webp\" alt=\"ibh-ueber-uns-partnerschaft\" itemprop=\"image\" height=\"543\" width=\"721\" title=\"ibh-ueber-uns-partnerschaft\" onerror=\"this.style.display='none'\" loading=\"lazy\" \/>\n\n","protected":false},"excerpt":{"rendered":"<p>\u00dcber uns IBH ist ein unabh\u00e4ngiges Bildungszentrum in N\u00fcrnberg, das akademische und pers\u00f6nliche Entwicklung in einem ganzheitlichen Ansatz vereint. Wir schaffen ein interkulturelles Umfeld, in dem Kinder nicht nur lernen, sondern sich auch als Pers\u00f6nlichkeiten entfalten. Im Mittelpunkt stehen Mehrsprachigkeit, ein individueller Lernansatz, eine breite Auswahl an kreativen und technischen Kursen sowie die aktive Zusammenarbeit&hellip;<\/p>\n","protected":false},"author":3,"featured_media":0,"parent":0,"menu_order":0,"comment_status":"closed","ping_status":"closed","template":"","meta":{"footnotes":""},"class_list":["post-785","page","type-page","status-publish","hentry"],"_links":{"self":[{"href":"https:\/\/ibh-nuernberg.de\/de\/wp-json\/wp\/v2\/pages\/785","targetHints":{"allow":["GET"]}}],"collection":[{"href":"https:\/\/ibh-nuernberg.de\/de\/wp-json\/wp\/v2\/pages"}],"about":[{"href":"https:\/\/ibh-nuernberg.de\/de\/wp-json\/wp\/v2\/types\/page"}],"author":[{"embeddable":true,"href":"https:\/\/ibh-nuernberg.de\/de\/wp-json\/wp\/v2\/users\/3"}],"replies":[{"embeddable":true,"href":"https:\/\/ibh-nuernberg.de\/de\/wp-json\/wp\/v2\/comments?post=785"}],"version-history":[{"count":4,"href":"https:\/\/ibh-nuernberg.de\/de\/wp-json\/wp\/v2\/pages\/785\/revisions"}],"predecessor-version":[{"id":1052,"href":"https:\/\/ibh-nuernberg.de\/de\/wp-json\/wp\/v2\/pages\/785\/revisions\/1052"}],"wp:attachment":[{"href":"https:\/\/ibh-nuernberg.de\/de\/wp-json\/wp\/v2\/media?parent=785"}],"curies":[{"name":"wp","href":"https:\/\/api.w.org\/{rel}","templated":true}]}}